{"id":844,"date":"2022-06-10T21:58:14","date_gmt":"2022-06-10T21:58:14","guid":{"rendered":"https:\/\/restaurantchairfactory.com\/?post_type=product&#038;p=844"},"modified":"2023-01-25T19:55:48","modified_gmt":"2023-01-25T19:55:48","slug":"chaise-de-restaurant-en-bois-torinora","status":"publish","type":"product","link":"https:\/\/restaurantchairfactory.com\/fr\/product\/chaise-de-restaurant-en-bois-torinora\/","title":{"rendered":"Chaise de Restaurant en bois Torinora Avec Accoudoir Fabriqu\u00e9 en Turquie"},"content":{"rendered":"","protected":false},"excerpt":{"rendered":"<p>&nbsp;<\/p>\n<ul>\n<li>H\u00eatre massif de haute qualit\u00e9 s\u00e9ch\u00e9 au four<\/li>\n<li>Top notch adhesive for robustness<\/li>\n<li>Finger joint, mortise and tenon or dovetail wood joints for strong structure<\/li>\n<li>Large gamme de rembourrages personnalisables<\/li>\n<li>Dossier \u00e0 structure en bois massif<\/li>\n<li>Assise coussin\u00e9e avec cadre en bois massif<\/li>\n<li>Vernis \u00e0 l&rsquo;eau, sans plomb<\/li>\n<li>Pieds en caoutchouc anti-rayures<\/li>\n<\/ul>\n","protected":false},"featured_media":845,"comment_status":"open","ping_status":"closed","template":"","meta":{"_acf_changed":false},"product_brand":[],"product_cat":[15,55],"product_tag":[],"class_list":{"0":"post-844","1":"product","2":"type-product","3":"status-publish","4":"has-post-thumbnail","6":"product_cat-chaises-de-restaurant-dinterieur","7":"product_cat-chaises-de-restaurant-en-bois","9":"first","10":"instock","11":"shipping-taxable","12":"product-type-simple"},"acf":[],"yoast_head":"<!-- This site is optimized with the Yoast SEO plugin v25.3 - https:\/\/yoast.com\/wordpress\/plugins\/seo\/ -->\n<title>Chaise de Restaurant en bois Torinora - RCF<\/title>\n<meta name=\"description\" content=\"Chaise de restaurant en bois Torinora fabriqu\u00e9e en Turquie. Chaises de restaurant de haute qualit\u00e9 aux meilleurs prix.\" \/>\n<meta name=\"robots\" content=\"index, follow, max-snippet:-1, max-image-preview:large, max-video-preview:-1\" \/>\n<link rel=\"canonical\" href=\"https:\/\/restaurantchairfactory.com\/fr\/product\/chaise-de-restaurant-en-bois-torinora\/\" \/>\n<meta property=\"og:locale\" content=\"fr_FR\" \/>\n<meta property=\"og:type\" content=\"article\" \/>\n<meta property=\"og:title\" content=\"Chaise de Restaurant en bois Torinora - RCF\" \/>\n<meta property=\"og:description\" content=\"Chaise de restaurant en bois Torinora fabriqu\u00e9e en Turquie. Chaises de restaurant de haute qualit\u00e9 aux meilleurs prix.\" \/>\n<meta property=\"og:url\" content=\"https:\/\/restaurantchairfactory.com\/fr\/product\/chaise-de-restaurant-en-bois-torinora\/\" \/>\n<meta property=\"og:site_name\" content=\"Restaurant Chair Factory\" \/>\n<meta property=\"article:modified_time\" content=\"2023-01-25T19:55:48+00:00\" \/>\n<meta property=\"og:image\" content=\"https:\/\/restaurantchairfactory.com\/fr\/wp-content\/uploads\/2022\/06\/chaise-de-restaurant-torino-fabriquee-en-turquie.jpg\" \/>\n\t<meta property=\"og:image:width\" content=\"1261\" \/>\n\t<meta property=\"og:image:height\" content=\"1051\" \/>\n\t<meta property=\"og:image:type\" content=\"image\/jpeg\" \/>\n<meta name=\"twitter:card\" content=\"summary_large_image\" \/>\n<script type=\"application\/ld+json\" class=\"yoast-schema-graph\">{\"@context\":\"https:\/\/schema.org\",\"@graph\":[{\"@type\":\"WebPage\",\"@id\":\"https:\/\/restaurantchairfactory.com\/fr\/product\/chaise-de-restaurant-en-bois-torinora\/\",\"url\":\"https:\/\/restaurantchairfactory.com\/fr\/product\/chaise-de-restaurant-en-bois-torinora\/\",\"name\":\"Chaise de Restaurant en bois Torinora - RCF\",\"isPartOf\":{\"@id\":\"https:\/\/restaurantchairfactory.com\/fr\/#website\"},\"primaryImageOfPage\":{\"@id\":\"https:\/\/restaurantchairfactory.com\/fr\/product\/chaise-de-restaurant-en-bois-torinora\/#primaryimage\"},\"image\":{\"@id\":\"https:\/\/restaurantchairfactory.com\/fr\/product\/chaise-de-restaurant-en-bois-torinora\/#primaryimage\"},\"thumbnailUrl\":\"https:\/\/restaurantchairfactory.com\/fr\/wp-content\/uploads\/2022\/06\/chaise-de-restaurant-torino-fabriquee-en-turquie.jpg\",\"datePublished\":\"2022-06-10T21:58:14+00:00\",\"dateModified\":\"2023-01-25T19:55:48+00:00\",\"description\":\"Chaise de restaurant en bois Torinora fabriqu\u00e9e en Turquie. Chaises de restaurant de haute qualit\u00e9 aux meilleurs prix.\",\"breadcrumb\":{\"@id\":\"https:\/\/restaurantchairfactory.com\/fr\/product\/chaise-de-restaurant-en-bois-torinora\/#breadcrumb\"},\"inLanguage\":\"fr-FR\",\"potentialAction\":[{\"@type\":\"ReadAction\",\"target\":[\"https:\/\/restaurantchairfactory.com\/fr\/product\/chaise-de-restaurant-en-bois-torinora\/\"]}]},{\"@type\":\"ImageObject\",\"inLanguage\":\"fr-FR\",\"@id\":\"https:\/\/restaurantchairfactory.com\/fr\/product\/chaise-de-restaurant-en-bois-torinora\/#primaryimage\",\"url\":\"https:\/\/restaurantchairfactory.com\/fr\/wp-content\/uploads\/2022\/06\/chaise-de-restaurant-torino-fabriquee-en-turquie.jpg\",\"contentUrl\":\"https:\/\/restaurantchairfactory.com\/fr\/wp-content\/uploads\/2022\/06\/chaise-de-restaurant-torino-fabriquee-en-turquie.jpg\",\"width\":1261,\"height\":1051,\"caption\":\"chaise de restaurant torino fabriqu\u00e9e en turquie\"},{\"@type\":\"BreadcrumbList\",\"@id\":\"https:\/\/restaurantchairfactory.com\/fr\/product\/chaise-de-restaurant-en-bois-torinora\/#breadcrumb\",\"itemListElement\":[{\"@type\":\"ListItem\",\"position\":1,\"name\":\"Home\",\"item\":\"https:\/\/restaurantchairfactory.com\/fr\/\"},{\"@type\":\"ListItem\",\"position\":2,\"name\":\"Sample Page\",\"item\":\"https:\/\/restaurantchairfactory.com\/fr\/sample-page\/\"},{\"@type\":\"ListItem\",\"position\":3,\"name\":\"Chaise de Restaurant en bois Torinora Avec Accoudoir Fabriqu\u00e9 en Turquie\"}]},{\"@type\":\"WebSite\",\"@id\":\"https:\/\/restaurantchairfactory.com\/fr\/#website\",\"url\":\"https:\/\/restaurantchairfactory.com\/fr\/\",\"name\":\"Restaurant Chair Factory\",\"description\":\"\",\"publisher\":{\"@id\":\"https:\/\/restaurantchairfactory.com\/fr\/#organization\"},\"potentialAction\":[{\"@type\":\"SearchAction\",\"target\":{\"@type\":\"EntryPoint\",\"urlTemplate\":\"https:\/\/restaurantchairfactory.com\/fr\/?s={search_term_string}\"},\"query-input\":{\"@type\":\"PropertyValueSpecification\",\"valueRequired\":true,\"valueName\":\"search_term_string\"}}],\"inLanguage\":\"fr-FR\"},{\"@type\":\"Organization\",\"@id\":\"https:\/\/restaurantchairfactory.com\/fr\/#organization\",\"name\":\"Restaurant Funiture Factory\",\"url\":\"https:\/\/restaurantchairfactory.com\/fr\/\",\"logo\":{\"@type\":\"ImageObject\",\"inLanguage\":\"fr-FR\",\"@id\":\"https:\/\/restaurantchairfactory.com\/fr\/#\/schema\/logo\/image\/\",\"url\":\"https:\/\/restaurantchairfactory.com\/fr\/wp-content\/uploads\/2022\/09\/restaurant-chair-factory-turkey-logo.jpeg\",\"contentUrl\":\"https:\/\/restaurantchairfactory.com\/fr\/wp-content\/uploads\/2022\/09\/restaurant-chair-factory-turkey-logo.jpeg\",\"width\":1053,\"height\":860,\"caption\":\"Restaurant Funiture Factory\"},\"image\":{\"@id\":\"https:\/\/restaurantchairfactory.com\/fr\/#\/schema\/logo\/image\/\"}}]}<\/script>\n<!-- \/ Yoast SEO plugin. -->","yoast_head_json":{"title":"Chaise de Restaurant en bois Torinora - RCF","description":"Chaise de restaurant en bois Torinora fabriqu\u00e9e en Turquie. Chaises de restaurant de haute qualit\u00e9 aux meilleurs prix.","robots":{"index":"index","follow":"follow","max-snippet":"max-snippet:-1","max-image-preview":"max-image-preview:large","max-video-preview":"max-video-preview:-1"},"canonical":"https:\/\/restaurantchairfactory.com\/fr\/product\/chaise-de-restaurant-en-bois-torinora\/","og_locale":"fr_FR","og_type":"article","og_title":"Chaise de Restaurant en bois Torinora - RCF","og_description":"Chaise de restaurant en bois Torinora fabriqu\u00e9e en Turquie. Chaises de restaurant de haute qualit\u00e9 aux meilleurs prix.","og_url":"https:\/\/restaurantchairfactory.com\/fr\/product\/chaise-de-restaurant-en-bois-torinora\/","og_site_name":"Restaurant Chair Factory","article_modified_time":"2023-01-25T19:55:48+00:00","og_image":[{"width":1261,"height":1051,"url":"https:\/\/restaurantchairfactory.com\/fr\/wp-content\/uploads\/2022\/06\/chaise-de-restaurant-torino-fabriquee-en-turquie.jpg","type":"image\/jpeg"}],"twitter_card":"summary_large_image","schema":{"@context":"https:\/\/schema.org","@graph":[{"@type":"WebPage","@id":"https:\/\/restaurantchairfactory.com\/fr\/product\/chaise-de-restaurant-en-bois-torinora\/","url":"https:\/\/restaurantchairfactory.com\/fr\/product\/chaise-de-restaurant-en-bois-torinora\/","name":"Chaise de Restaurant en bois Torinora - RCF","isPartOf":{"@id":"https:\/\/restaurantchairfactory.com\/fr\/#website"},"primaryImageOfPage":{"@id":"https:\/\/restaurantchairfactory.com\/fr\/product\/chaise-de-restaurant-en-bois-torinora\/#primaryimage"},"image":{"@id":"https:\/\/restaurantchairfactory.com\/fr\/product\/chaise-de-restaurant-en-bois-torinora\/#primaryimage"},"thumbnailUrl":"https:\/\/restaurantchairfactory.com\/fr\/wp-content\/uploads\/2022\/06\/chaise-de-restaurant-torino-fabriquee-en-turquie.jpg","datePublished":"2022-06-10T21:58:14+00:00","dateModified":"2023-01-25T19:55:48+00:00","description":"Chaise de restaurant en bois Torinora fabriqu\u00e9e en Turquie. Chaises de restaurant de haute qualit\u00e9 aux meilleurs prix.","breadcrumb":{"@id":"https:\/\/restaurantchairfactory.com\/fr\/product\/chaise-de-restaurant-en-bois-torinora\/#breadcrumb"},"inLanguage":"fr-FR","potentialAction":[{"@type":"ReadAction","target":["https:\/\/restaurantchairfactory.com\/fr\/product\/chaise-de-restaurant-en-bois-torinora\/"]}]},{"@type":"ImageObject","inLanguage":"fr-FR","@id":"https:\/\/restaurantchairfactory.com\/fr\/product\/chaise-de-restaurant-en-bois-torinora\/#primaryimage","url":"https:\/\/restaurantchairfactory.com\/fr\/wp-content\/uploads\/2022\/06\/chaise-de-restaurant-torino-fabriquee-en-turquie.jpg","contentUrl":"https:\/\/restaurantchairfactory.com\/fr\/wp-content\/uploads\/2022\/06\/chaise-de-restaurant-torino-fabriquee-en-turquie.jpg","width":1261,"height":1051,"caption":"chaise de restaurant torino fabriqu\u00e9e en turquie"},{"@type":"BreadcrumbList","@id":"https:\/\/restaurantchairfactory.com\/fr\/product\/chaise-de-restaurant-en-bois-torinora\/#breadcrumb","itemListElement":[{"@type":"ListItem","position":1,"name":"Home","item":"https:\/\/restaurantchairfactory.com\/fr\/"},{"@type":"ListItem","position":2,"name":"Sample Page","item":"https:\/\/restaurantchairfactory.com\/fr\/sample-page\/"},{"@type":"ListItem","position":3,"name":"Chaise de Restaurant en bois Torinora Avec Accoudoir Fabriqu\u00e9 en Turquie"}]},{"@type":"WebSite","@id":"https:\/\/restaurantchairfactory.com\/fr\/#website","url":"https:\/\/restaurantchairfactory.com\/fr\/","name":"Restaurant Chair Factory","description":"","publisher":{"@id":"https:\/\/restaurantchairfactory.com\/fr\/#organization"},"potentialAction":[{"@type":"SearchAction","target":{"@type":"EntryPoint","urlTemplate":"https:\/\/restaurantchairfactory.com\/fr\/?s={search_term_string}"},"query-input":{"@type":"PropertyValueSpecification","valueRequired":true,"valueName":"search_term_string"}}],"inLanguage":"fr-FR"},{"@type":"Organization","@id":"https:\/\/restaurantchairfactory.com\/fr\/#organization","name":"Restaurant Funiture Factory","url":"https:\/\/restaurantchairfactory.com\/fr\/","logo":{"@type":"ImageObject","inLanguage":"fr-FR","@id":"https:\/\/restaurantchairfactory.com\/fr\/#\/schema\/logo\/image\/","url":"https:\/\/restaurantchairfactory.com\/fr\/wp-content\/uploads\/2022\/09\/restaurant-chair-factory-turkey-logo.jpeg","contentUrl":"https:\/\/restaurantchairfactory.com\/fr\/wp-content\/uploads\/2022\/09\/restaurant-chair-factory-turkey-logo.jpeg","width":1053,"height":860,"caption":"Restaurant Funiture Factory"},"image":{"@id":"https:\/\/restaurantchairfactory.com\/fr\/#\/schema\/logo\/image\/"}}]}},"_links":{"self":[{"href":"https:\/\/restaurantchairfactory.com\/fr\/wp-json\/wp\/v2\/product\/844","targetHints":{"allow":["GET"]}}],"collection":[{"href":"https:\/\/restaurantchairfactory.com\/fr\/wp-json\/wp\/v2\/product"}],"about":[{"href":"https:\/\/restaurantchairfactory.com\/fr\/wp-json\/wp\/v2\/types\/product"}],"replies":[{"embeddable":true,"href":"https:\/\/restaurantchairfactory.com\/fr\/wp-json\/wp\/v2\/comments?post=844"}],"version-history":[{"count":4,"href":"https:\/\/restaurantchairfactory.com\/fr\/wp-json\/wp\/v2\/product\/844\/revisions"}],"predecessor-version":[{"id":5227,"href":"https:\/\/restaurantchairfactory.com\/fr\/wp-json\/wp\/v2\/product\/844\/revisions\/5227"}],"wp:featuredmedia":[{"embeddable":true,"href":"https:\/\/restaurantchairfactory.com\/fr\/wp-json\/wp\/v2\/media\/845"}],"wp:attachment":[{"href":"https:\/\/restaurantchairfactory.com\/fr\/wp-json\/wp\/v2\/media?parent=844"}],"wp:term":[{"taxonomy":"product_brand","embeddable":true,"href":"https:\/\/restaurantchairfactory.com\/fr\/wp-json\/wp\/v2\/product_brand?post=844"},{"taxonomy":"product_cat","embeddable":true,"href":"https:\/\/restaurantchairfactory.com\/fr\/wp-json\/wp\/v2\/product_cat?post=844"},{"taxonomy":"product_tag","embeddable":true,"href":"https:\/\/restaurantchairfactory.com\/fr\/wp-json\/wp\/v2\/product_tag?post=844"}],"curies":[{"name":"wp","href":"https:\/\/api.w.org\/{rel}","templated":true}]}}