{"id":1697,"date":"2022-06-18T18:01:28","date_gmt":"2022-06-18T18:01:28","guid":{"rendered":"https:\/\/restaurantchairfactory.com\/?post_type=product&#038;p=1697"},"modified":"2023-01-28T16:52:11","modified_gmt":"2023-01-28T16:52:11","slug":"pied-de-table-1002-fabrique-en-turquie","status":"publish","type":"product","link":"https:\/\/restaurantchairfactory.com\/fr\/product\/pied-de-table-1002-fabrique-en-turquie\/","title":{"rendered":"Pied de table 1002 fabriqu\u00e9 en Turquie"},"content":{"rendered":"","protected":false},"excerpt":{"rendered":"<ul>\n<li>Tr\u00e8s r\u00e9sistant<\/li>\n<li>Pieds r\u00e9glables<\/li>\n<li>Pieds peints ou rev\u00eatus \u00e9lectrostatiquement<\/li>\n<li>Pieds en caoutchouc anti-rayures<\/li>\n<li>Les couleurs des pieds peuvent \u00eatre s\u00e9lectionn\u00e9es \u00e0 partir de l&rsquo;\u00e9chantillon RAL<\/li>\n<\/ul>\n","protected":false},"featured_media":1698,"comment_status":"open","ping_status":"closed","template":"","meta":{"_acf_changed":false},"product_brand":[],"product_cat":[34],"product_tag":[],"class_list":{"0":"post-1697","1":"product","2":"type-product","3":"status-publish","4":"has-post-thumbnail","6":"product_cat-pied-de-table","8":"first","9":"instock","10":"shipping-taxable","11":"product-type-simple"},"acf":[],"yoast_head":"<!-- This site is optimized with the Yoast SEO plugin v25.3 - https:\/\/yoast.com\/wordpress\/plugins\/seo\/ -->\n<title>Pied de table 1002 fabriqu\u00e9 en Turquie - RCF<\/title>\n<meta name=\"description\" content=\"Les pieds de table de restaurant en aluminium et en m\u00e9tal de la plus haute qualit\u00e9 pour toutes les tailles et formes. V\u00e9rifier le pied de table 1002 fabriqu\u00e9 en Turquie.\" \/>\n<meta name=\"robots\" content=\"index, follow, max-snippet:-1, max-image-preview:large, max-video-preview:-1\" \/>\n<link rel=\"canonical\" href=\"https:\/\/restaurantchairfactory.com\/fr\/product\/pied-de-table-1002-fabrique-en-turquie\/\" \/>\n<meta property=\"og:locale\" content=\"fr_FR\" \/>\n<meta property=\"og:type\" content=\"article\" \/>\n<meta property=\"og:title\" content=\"Pied de table 1002 fabriqu\u00e9 en Turquie - RCF\" \/>\n<meta property=\"og:description\" content=\"Les pieds de table de restaurant en aluminium et en m\u00e9tal de la plus haute qualit\u00e9 pour toutes les tailles et formes. V\u00e9rifier le pied de table 1002 fabriqu\u00e9 en Turquie.\" \/>\n<meta property=\"og:url\" content=\"https:\/\/restaurantchairfactory.com\/fr\/product\/pied-de-table-1002-fabrique-en-turquie\/\" \/>\n<meta property=\"og:site_name\" content=\"Restaurant Chair Factory\" \/>\n<meta property=\"article:modified_time\" content=\"2023-01-28T16:52:11+00:00\" \/>\n<meta property=\"og:image\" content=\"https:\/\/restaurantchairfactory.com\/fr\/wp-content\/uploads\/2022\/06\/pied-de-table-1002-fabrique-en-turquie.jpg\" \/>\n\t<meta property=\"og:image:width\" content=\"600\" \/>\n\t<meta property=\"og:image:height\" content=\"500\" \/>\n\t<meta property=\"og:image:type\" content=\"image\/jpeg\" \/>\n<meta name=\"twitter:card\" content=\"summary_large_image\" \/>\n<script type=\"application\/ld+json\" class=\"yoast-schema-graph\">{\"@context\":\"https:\/\/schema.org\",\"@graph\":[{\"@type\":\"WebPage\",\"@id\":\"https:\/\/restaurantchairfactory.com\/fr\/product\/pied-de-table-1002-fabrique-en-turquie\/\",\"url\":\"https:\/\/restaurantchairfactory.com\/fr\/product\/pied-de-table-1002-fabrique-en-turquie\/\",\"name\":\"Pied de table 1002 fabriqu\u00e9 en Turquie - RCF\",\"isPartOf\":{\"@id\":\"https:\/\/restaurantchairfactory.com\/fr\/#website\"},\"primaryImageOfPage\":{\"@id\":\"https:\/\/restaurantchairfactory.com\/fr\/product\/pied-de-table-1002-fabrique-en-turquie\/#primaryimage\"},\"image\":{\"@id\":\"https:\/\/restaurantchairfactory.com\/fr\/product\/pied-de-table-1002-fabrique-en-turquie\/#primaryimage\"},\"thumbnailUrl\":\"https:\/\/restaurantchairfactory.com\/fr\/wp-content\/uploads\/2022\/06\/pied-de-table-1002-fabrique-en-turquie.jpg\",\"datePublished\":\"2022-06-18T18:01:28+00:00\",\"dateModified\":\"2023-01-28T16:52:11+00:00\",\"description\":\"Les pieds de table de restaurant en aluminium et en m\u00e9tal de la plus haute qualit\u00e9 pour toutes les tailles et formes. V\u00e9rifier le pied de table 1002 fabriqu\u00e9 en Turquie.\",\"breadcrumb\":{\"@id\":\"https:\/\/restaurantchairfactory.com\/fr\/product\/pied-de-table-1002-fabrique-en-turquie\/#breadcrumb\"},\"inLanguage\":\"fr-FR\",\"potentialAction\":[{\"@type\":\"ReadAction\",\"target\":[\"https:\/\/restaurantchairfactory.com\/fr\/product\/pied-de-table-1002-fabrique-en-turquie\/\"]}]},{\"@type\":\"ImageObject\",\"inLanguage\":\"fr-FR\",\"@id\":\"https:\/\/restaurantchairfactory.com\/fr\/product\/pied-de-table-1002-fabrique-en-turquie\/#primaryimage\",\"url\":\"https:\/\/restaurantchairfactory.com\/fr\/wp-content\/uploads\/2022\/06\/pied-de-table-1002-fabrique-en-turquie.jpg\",\"contentUrl\":\"https:\/\/restaurantchairfactory.com\/fr\/wp-content\/uploads\/2022\/06\/pied-de-table-1002-fabrique-en-turquie.jpg\",\"width\":600,\"height\":500,\"caption\":\"Pied de table 1002 fabriqu\u00e9 en Turquie\"},{\"@type\":\"BreadcrumbList\",\"@id\":\"https:\/\/restaurantchairfactory.com\/fr\/product\/pied-de-table-1002-fabrique-en-turquie\/#breadcrumb\",\"itemListElement\":[{\"@type\":\"ListItem\",\"position\":1,\"name\":\"Home\",\"item\":\"https:\/\/restaurantchairfactory.com\/fr\/\"},{\"@type\":\"ListItem\",\"position\":2,\"name\":\"Sample Page\",\"item\":\"https:\/\/restaurantchairfactory.com\/fr\/sample-page\/\"},{\"@type\":\"ListItem\",\"position\":3,\"name\":\"Pied de table 1002 fabriqu\u00e9 en Turquie\"}]},{\"@type\":\"WebSite\",\"@id\":\"https:\/\/restaurantchairfactory.com\/fr\/#website\",\"url\":\"https:\/\/restaurantchairfactory.com\/fr\/\",\"name\":\"Restaurant Chair Factory\",\"description\":\"\",\"publisher\":{\"@id\":\"https:\/\/restaurantchairfactory.com\/fr\/#organization\"},\"potentialAction\":[{\"@type\":\"SearchAction\",\"target\":{\"@type\":\"EntryPoint\",\"urlTemplate\":\"https:\/\/restaurantchairfactory.com\/fr\/?s={search_term_string}\"},\"query-input\":{\"@type\":\"PropertyValueSpecification\",\"valueRequired\":true,\"valueName\":\"search_term_string\"}}],\"inLanguage\":\"fr-FR\"},{\"@type\":\"Organization\",\"@id\":\"https:\/\/restaurantchairfactory.com\/fr\/#organization\",\"name\":\"Restaurant Funiture Factory\",\"url\":\"https:\/\/restaurantchairfactory.com\/fr\/\",\"logo\":{\"@type\":\"ImageObject\",\"inLanguage\":\"fr-FR\",\"@id\":\"https:\/\/restaurantchairfactory.com\/fr\/#\/schema\/logo\/image\/\",\"url\":\"https:\/\/restaurantchairfactory.com\/fr\/wp-content\/uploads\/2022\/09\/restaurant-chair-factory-turkey-logo.jpeg\",\"contentUrl\":\"https:\/\/restaurantchairfactory.com\/fr\/wp-content\/uploads\/2022\/09\/restaurant-chair-factory-turkey-logo.jpeg\",\"width\":1053,\"height\":860,\"caption\":\"Restaurant Funiture Factory\"},\"image\":{\"@id\":\"https:\/\/restaurantchairfactory.com\/fr\/#\/schema\/logo\/image\/\"}}]}<\/script>\n<!-- \/ Yoast SEO plugin. -->","yoast_head_json":{"title":"Pied de table 1002 fabriqu\u00e9 en Turquie - RCF","description":"Les pieds de table de restaurant en aluminium et en m\u00e9tal de la plus haute qualit\u00e9 pour toutes les tailles et formes. V\u00e9rifier le pied de table 1002 fabriqu\u00e9 en Turquie.","robots":{"index":"index","follow":"follow","max-snippet":"max-snippet:-1","max-image-preview":"max-image-preview:large","max-video-preview":"max-video-preview:-1"},"canonical":"https:\/\/restaurantchairfactory.com\/fr\/product\/pied-de-table-1002-fabrique-en-turquie\/","og_locale":"fr_FR","og_type":"article","og_title":"Pied de table 1002 fabriqu\u00e9 en Turquie - RCF","og_description":"Les pieds de table de restaurant en aluminium et en m\u00e9tal de la plus haute qualit\u00e9 pour toutes les tailles et formes. V\u00e9rifier le pied de table 1002 fabriqu\u00e9 en Turquie.","og_url":"https:\/\/restaurantchairfactory.com\/fr\/product\/pied-de-table-1002-fabrique-en-turquie\/","og_site_name":"Restaurant Chair Factory","article_modified_time":"2023-01-28T16:52:11+00:00","og_image":[{"width":600,"height":500,"url":"https:\/\/restaurantchairfactory.com\/fr\/wp-content\/uploads\/2022\/06\/pied-de-table-1002-fabrique-en-turquie.jpg","type":"image\/jpeg"}],"twitter_card":"summary_large_image","schema":{"@context":"https:\/\/schema.org","@graph":[{"@type":"WebPage","@id":"https:\/\/restaurantchairfactory.com\/fr\/product\/pied-de-table-1002-fabrique-en-turquie\/","url":"https:\/\/restaurantchairfactory.com\/fr\/product\/pied-de-table-1002-fabrique-en-turquie\/","name":"Pied de table 1002 fabriqu\u00e9 en Turquie - RCF","isPartOf":{"@id":"https:\/\/restaurantchairfactory.com\/fr\/#website"},"primaryImageOfPage":{"@id":"https:\/\/restaurantchairfactory.com\/fr\/product\/pied-de-table-1002-fabrique-en-turquie\/#primaryimage"},"image":{"@id":"https:\/\/restaurantchairfactory.com\/fr\/product\/pied-de-table-1002-fabrique-en-turquie\/#primaryimage"},"thumbnailUrl":"https:\/\/restaurantchairfactory.com\/fr\/wp-content\/uploads\/2022\/06\/pied-de-table-1002-fabrique-en-turquie.jpg","datePublished":"2022-06-18T18:01:28+00:00","dateModified":"2023-01-28T16:52:11+00:00","description":"Les pieds de table de restaurant en aluminium et en m\u00e9tal de la plus haute qualit\u00e9 pour toutes les tailles et formes. V\u00e9rifier le pied de table 1002 fabriqu\u00e9 en Turquie.","breadcrumb":{"@id":"https:\/\/restaurantchairfactory.com\/fr\/product\/pied-de-table-1002-fabrique-en-turquie\/#breadcrumb"},"inLanguage":"fr-FR","potentialAction":[{"@type":"ReadAction","target":["https:\/\/restaurantchairfactory.com\/fr\/product\/pied-de-table-1002-fabrique-en-turquie\/"]}]},{"@type":"ImageObject","inLanguage":"fr-FR","@id":"https:\/\/restaurantchairfactory.com\/fr\/product\/pied-de-table-1002-fabrique-en-turquie\/#primaryimage","url":"https:\/\/restaurantchairfactory.com\/fr\/wp-content\/uploads\/2022\/06\/pied-de-table-1002-fabrique-en-turquie.jpg","contentUrl":"https:\/\/restaurantchairfactory.com\/fr\/wp-content\/uploads\/2022\/06\/pied-de-table-1002-fabrique-en-turquie.jpg","width":600,"height":500,"caption":"Pied de table 1002 fabriqu\u00e9 en Turquie"},{"@type":"BreadcrumbList","@id":"https:\/\/restaurantchairfactory.com\/fr\/product\/pied-de-table-1002-fabrique-en-turquie\/#breadcrumb","itemListElement":[{"@type":"ListItem","position":1,"name":"Home","item":"https:\/\/restaurantchairfactory.com\/fr\/"},{"@type":"ListItem","position":2,"name":"Sample Page","item":"https:\/\/restaurantchairfactory.com\/fr\/sample-page\/"},{"@type":"ListItem","position":3,"name":"Pied de table 1002 fabriqu\u00e9 en Turquie"}]},{"@type":"WebSite","@id":"https:\/\/restaurantchairfactory.com\/fr\/#website","url":"https:\/\/restaurantchairfactory.com\/fr\/","name":"Restaurant Chair Factory","description":"","publisher":{"@id":"https:\/\/restaurantchairfactory.com\/fr\/#organization"},"potentialAction":[{"@type":"SearchAction","target":{"@type":"EntryPoint","urlTemplate":"https:\/\/restaurantchairfactory.com\/fr\/?s={search_term_string}"},"query-input":{"@type":"PropertyValueSpecification","valueRequired":true,"valueName":"search_term_string"}}],"inLanguage":"fr-FR"},{"@type":"Organization","@id":"https:\/\/restaurantchairfactory.com\/fr\/#organization","name":"Restaurant Funiture Factory","url":"https:\/\/restaurantchairfactory.com\/fr\/","logo":{"@type":"ImageObject","inLanguage":"fr-FR","@id":"https:\/\/restaurantchairfactory.com\/fr\/#\/schema\/logo\/image\/","url":"https:\/\/restaurantchairfactory.com\/fr\/wp-content\/uploads\/2022\/09\/restaurant-chair-factory-turkey-logo.jpeg","contentUrl":"https:\/\/restaurantchairfactory.com\/fr\/wp-content\/uploads\/2022\/09\/restaurant-chair-factory-turkey-logo.jpeg","width":1053,"height":860,"caption":"Restaurant Funiture Factory"},"image":{"@id":"https:\/\/restaurantchairfactory.com\/fr\/#\/schema\/logo\/image\/"}}]}},"_links":{"self":[{"href":"https:\/\/restaurantchairfactory.com\/fr\/wp-json\/wp\/v2\/product\/1697","targetHints":{"allow":["GET"]}}],"collection":[{"href":"https:\/\/restaurantchairfactory.com\/fr\/wp-json\/wp\/v2\/product"}],"about":[{"href":"https:\/\/restaurantchairfactory.com\/fr\/wp-json\/wp\/v2\/types\/product"}],"replies":[{"embeddable":true,"href":"https:\/\/restaurantchairfactory.com\/fr\/wp-json\/wp\/v2\/comments?post=1697"}],"version-history":[{"count":2,"href":"https:\/\/restaurantchairfactory.com\/fr\/wp-json\/wp\/v2\/product\/1697\/revisions"}],"predecessor-version":[{"id":5825,"href":"https:\/\/restaurantchairfactory.com\/fr\/wp-json\/wp\/v2\/product\/1697\/revisions\/5825"}],"wp:featuredmedia":[{"embeddable":true,"href":"https:\/\/restaurantchairfactory.com\/fr\/wp-json\/wp\/v2\/media\/1698"}],"wp:attachment":[{"href":"https:\/\/restaurantchairfactory.com\/fr\/wp-json\/wp\/v2\/media?parent=1697"}],"wp:term":[{"taxonomy":"product_brand","embeddable":true,"href":"https:\/\/restaurantchairfactory.com\/fr\/wp-json\/wp\/v2\/product_brand?post=1697"},{"taxonomy":"product_cat","embeddable":true,"href":"https:\/\/restaurantchairfactory.com\/fr\/wp-json\/wp\/v2\/product_cat?post=1697"},{"taxonomy":"product_tag","embeddable":true,"href":"https:\/\/restaurantchairfactory.com\/fr\/wp-json\/wp\/v2\/product_tag?post=1697"}],"curies":[{"name":"wp","href":"https:\/\/api.w.org\/{rel}","templated":true}]}}