{"id":1504,"date":"2022-06-18T10:58:13","date_gmt":"2022-06-18T10:58:13","guid":{"rendered":"https:\/\/restaurantchairfactory.com\/?post_type=product&#038;p=1504"},"modified":"2023-01-29T14:37:57","modified_gmt":"2023-01-29T14:37:57","slug":"canape-indigore-fabrique-en-turquie","status":"publish","type":"product","link":"https:\/\/restaurantchairfactory.com\/fr\/product\/canape-indigore-fabrique-en-turquie\/","title":{"rendered":"Canap\u00e9 Indigore Fabriqu\u00e9 en Turquie"},"content":{"rendered":"","protected":false},"excerpt":{"rendered":"<ul>\n<li>H\u00eatre massif de haute qualit\u00e9 s\u00e9ch\u00e9 au four<\/li>\n<li>Assemblage par entures multiples, tenons et mortaises ou queue d&rsquo;aronde pour une structure solide<\/li>\n<li>Large gamme de rembourrages personnalisables<\/li>\n<li>Coque en contreplaqu\u00e9 avec coussin en mousse haute densit\u00e9<\/li>\n<li>Assise coussin\u00e9e avec cadre en bois massif<\/li>\n<li>Pieds en caoutchouc anti-rayures<\/li>\n<\/ul>\n","protected":false},"featured_media":1505,"comment_status":"open","ping_status":"closed","template":"","meta":{"_acf_changed":false},"product_brand":[],"product_cat":[30,59],"product_tag":[],"class_list":{"0":"post-1504","1":"product","2":"type-product","3":"status-publish","4":"has-post-thumbnail","6":"product_cat-sofa","7":"product_cat-canape-en-bois","9":"first","10":"instock","11":"shipping-taxable","12":"product-type-simple"},"acf":[],"yoast_head":"<!-- This site is optimized with the Yoast SEO plugin v25.3 - https:\/\/yoast.com\/wordpress\/plugins\/seo\/ -->\n<title>Canap\u00e9 Indigore Fabriqu\u00e9 en Turquie - RCF<\/title>\n<meta name=\"description\" content=\"Concevez le restaurant de vos r\u00eaves avec les derni\u00e8res cr\u00e9ations de canap\u00e9s en bois. Rembourrage personnalisable \u00e0 large gamme. V\u00e9rifiez le canap\u00e9 Indigore fabriqu\u00e9 en Turquie.\" \/>\n<meta name=\"robots\" content=\"index, follow, max-snippet:-1, max-image-preview:large, max-video-preview:-1\" \/>\n<link rel=\"canonical\" href=\"https:\/\/restaurantchairfactory.com\/fr\/product\/canape-indigore-fabrique-en-turquie\/\" \/>\n<meta property=\"og:locale\" content=\"fr_FR\" \/>\n<meta property=\"og:type\" content=\"article\" \/>\n<meta property=\"og:title\" content=\"Canap\u00e9 Indigore Fabriqu\u00e9 en Turquie - RCF\" \/>\n<meta property=\"og:description\" content=\"Concevez le restaurant de vos r\u00eaves avec les derni\u00e8res cr\u00e9ations de canap\u00e9s en bois. Rembourrage personnalisable \u00e0 large gamme. V\u00e9rifiez le canap\u00e9 Indigore fabriqu\u00e9 en Turquie.\" \/>\n<meta property=\"og:url\" content=\"https:\/\/restaurantchairfactory.com\/fr\/product\/canape-indigore-fabrique-en-turquie\/\" \/>\n<meta property=\"og:site_name\" content=\"Restaurant Chair Factory\" \/>\n<meta property=\"article:modified_time\" content=\"2023-01-29T14:37:57+00:00\" \/>\n<meta property=\"og:image\" content=\"https:\/\/restaurantchairfactory.com\/fr\/wp-content\/uploads\/2022\/06\/canape-indigo-fabrique-en-turquie.jpg\" \/>\n\t<meta property=\"og:image:width\" content=\"600\" \/>\n\t<meta property=\"og:image:height\" content=\"500\" \/>\n\t<meta property=\"og:image:type\" content=\"image\/jpeg\" \/>\n<meta name=\"twitter:card\" content=\"summary_large_image\" \/>\n<script type=\"application\/ld+json\" class=\"yoast-schema-graph\">{\"@context\":\"https:\/\/schema.org\",\"@graph\":[{\"@type\":\"WebPage\",\"@id\":\"https:\/\/restaurantchairfactory.com\/fr\/product\/canape-indigore-fabrique-en-turquie\/\",\"url\":\"https:\/\/restaurantchairfactory.com\/fr\/product\/canape-indigore-fabrique-en-turquie\/\",\"name\":\"Canap\u00e9 Indigore Fabriqu\u00e9 en Turquie - RCF\",\"isPartOf\":{\"@id\":\"https:\/\/restaurantchairfactory.com\/fr\/#website\"},\"primaryImageOfPage\":{\"@id\":\"https:\/\/restaurantchairfactory.com\/fr\/product\/canape-indigore-fabrique-en-turquie\/#primaryimage\"},\"image\":{\"@id\":\"https:\/\/restaurantchairfactory.com\/fr\/product\/canape-indigore-fabrique-en-turquie\/#primaryimage\"},\"thumbnailUrl\":\"https:\/\/restaurantchairfactory.com\/fr\/wp-content\/uploads\/2022\/06\/canape-indigo-fabrique-en-turquie.jpg\",\"datePublished\":\"2022-06-18T10:58:13+00:00\",\"dateModified\":\"2023-01-29T14:37:57+00:00\",\"description\":\"Concevez le restaurant de vos r\u00eaves avec les derni\u00e8res cr\u00e9ations de canap\u00e9s en bois. Rembourrage personnalisable \u00e0 large gamme. V\u00e9rifiez le canap\u00e9 Indigore fabriqu\u00e9 en Turquie.\",\"breadcrumb\":{\"@id\":\"https:\/\/restaurantchairfactory.com\/fr\/product\/canape-indigore-fabrique-en-turquie\/#breadcrumb\"},\"inLanguage\":\"fr-FR\",\"potentialAction\":[{\"@type\":\"ReadAction\",\"target\":[\"https:\/\/restaurantchairfactory.com\/fr\/product\/canape-indigore-fabrique-en-turquie\/\"]}]},{\"@type\":\"ImageObject\",\"inLanguage\":\"fr-FR\",\"@id\":\"https:\/\/restaurantchairfactory.com\/fr\/product\/canape-indigore-fabrique-en-turquie\/#primaryimage\",\"url\":\"https:\/\/restaurantchairfactory.com\/fr\/wp-content\/uploads\/2022\/06\/canape-indigo-fabrique-en-turquie.jpg\",\"contentUrl\":\"https:\/\/restaurantchairfactory.com\/fr\/wp-content\/uploads\/2022\/06\/canape-indigo-fabrique-en-turquie.jpg\",\"width\":600,\"height\":500,\"caption\":\"Canap\u00e9 Indigore Fabriqu\u00e9 en Turquie\"},{\"@type\":\"BreadcrumbList\",\"@id\":\"https:\/\/restaurantchairfactory.com\/fr\/product\/canape-indigore-fabrique-en-turquie\/#breadcrumb\",\"itemListElement\":[{\"@type\":\"ListItem\",\"position\":1,\"name\":\"Home\",\"item\":\"https:\/\/restaurantchairfactory.com\/fr\/\"},{\"@type\":\"ListItem\",\"position\":2,\"name\":\"Sample Page\",\"item\":\"https:\/\/restaurantchairfactory.com\/fr\/sample-page\/\"},{\"@type\":\"ListItem\",\"position\":3,\"name\":\"Canap\u00e9 Indigore Fabriqu\u00e9 en Turquie\"}]},{\"@type\":\"WebSite\",\"@id\":\"https:\/\/restaurantchairfactory.com\/fr\/#website\",\"url\":\"https:\/\/restaurantchairfactory.com\/fr\/\",\"name\":\"Restaurant Chair Factory\",\"description\":\"\",\"publisher\":{\"@id\":\"https:\/\/restaurantchairfactory.com\/fr\/#organization\"},\"potentialAction\":[{\"@type\":\"SearchAction\",\"target\":{\"@type\":\"EntryPoint\",\"urlTemplate\":\"https:\/\/restaurantchairfactory.com\/fr\/?s={search_term_string}\"},\"query-input\":{\"@type\":\"PropertyValueSpecification\",\"valueRequired\":true,\"valueName\":\"search_term_string\"}}],\"inLanguage\":\"fr-FR\"},{\"@type\":\"Organization\",\"@id\":\"https:\/\/restaurantchairfactory.com\/fr\/#organization\",\"name\":\"Restaurant Funiture Factory\",\"url\":\"https:\/\/restaurantchairfactory.com\/fr\/\",\"logo\":{\"@type\":\"ImageObject\",\"inLanguage\":\"fr-FR\",\"@id\":\"https:\/\/restaurantchairfactory.com\/fr\/#\/schema\/logo\/image\/\",\"url\":\"https:\/\/restaurantchairfactory.com\/fr\/wp-content\/uploads\/2022\/09\/restaurant-chair-factory-turkey-logo.jpeg\",\"contentUrl\":\"https:\/\/restaurantchairfactory.com\/fr\/wp-content\/uploads\/2022\/09\/restaurant-chair-factory-turkey-logo.jpeg\",\"width\":1053,\"height\":860,\"caption\":\"Restaurant Funiture Factory\"},\"image\":{\"@id\":\"https:\/\/restaurantchairfactory.com\/fr\/#\/schema\/logo\/image\/\"}}]}<\/script>\n<!-- \/ Yoast SEO plugin. -->","yoast_head_json":{"title":"Canap\u00e9 Indigore Fabriqu\u00e9 en Turquie - RCF","description":"Concevez le restaurant de vos r\u00eaves avec les derni\u00e8res cr\u00e9ations de canap\u00e9s en bois. Rembourrage personnalisable \u00e0 large gamme. V\u00e9rifiez le canap\u00e9 Indigore fabriqu\u00e9 en Turquie.","robots":{"index":"index","follow":"follow","max-snippet":"max-snippet:-1","max-image-preview":"max-image-preview:large","max-video-preview":"max-video-preview:-1"},"canonical":"https:\/\/restaurantchairfactory.com\/fr\/product\/canape-indigore-fabrique-en-turquie\/","og_locale":"fr_FR","og_type":"article","og_title":"Canap\u00e9 Indigore Fabriqu\u00e9 en Turquie - RCF","og_description":"Concevez le restaurant de vos r\u00eaves avec les derni\u00e8res cr\u00e9ations de canap\u00e9s en bois. Rembourrage personnalisable \u00e0 large gamme. V\u00e9rifiez le canap\u00e9 Indigore fabriqu\u00e9 en Turquie.","og_url":"https:\/\/restaurantchairfactory.com\/fr\/product\/canape-indigore-fabrique-en-turquie\/","og_site_name":"Restaurant Chair Factory","article_modified_time":"2023-01-29T14:37:57+00:00","og_image":[{"width":600,"height":500,"url":"https:\/\/restaurantchairfactory.com\/fr\/wp-content\/uploads\/2022\/06\/canape-indigo-fabrique-en-turquie.jpg","type":"image\/jpeg"}],"twitter_card":"summary_large_image","schema":{"@context":"https:\/\/schema.org","@graph":[{"@type":"WebPage","@id":"https:\/\/restaurantchairfactory.com\/fr\/product\/canape-indigore-fabrique-en-turquie\/","url":"https:\/\/restaurantchairfactory.com\/fr\/product\/canape-indigore-fabrique-en-turquie\/","name":"Canap\u00e9 Indigore Fabriqu\u00e9 en Turquie - RCF","isPartOf":{"@id":"https:\/\/restaurantchairfactory.com\/fr\/#website"},"primaryImageOfPage":{"@id":"https:\/\/restaurantchairfactory.com\/fr\/product\/canape-indigore-fabrique-en-turquie\/#primaryimage"},"image":{"@id":"https:\/\/restaurantchairfactory.com\/fr\/product\/canape-indigore-fabrique-en-turquie\/#primaryimage"},"thumbnailUrl":"https:\/\/restaurantchairfactory.com\/fr\/wp-content\/uploads\/2022\/06\/canape-indigo-fabrique-en-turquie.jpg","datePublished":"2022-06-18T10:58:13+00:00","dateModified":"2023-01-29T14:37:57+00:00","description":"Concevez le restaurant de vos r\u00eaves avec les derni\u00e8res cr\u00e9ations de canap\u00e9s en bois. Rembourrage personnalisable \u00e0 large gamme. V\u00e9rifiez le canap\u00e9 Indigore fabriqu\u00e9 en Turquie.","breadcrumb":{"@id":"https:\/\/restaurantchairfactory.com\/fr\/product\/canape-indigore-fabrique-en-turquie\/#breadcrumb"},"inLanguage":"fr-FR","potentialAction":[{"@type":"ReadAction","target":["https:\/\/restaurantchairfactory.com\/fr\/product\/canape-indigore-fabrique-en-turquie\/"]}]},{"@type":"ImageObject","inLanguage":"fr-FR","@id":"https:\/\/restaurantchairfactory.com\/fr\/product\/canape-indigore-fabrique-en-turquie\/#primaryimage","url":"https:\/\/restaurantchairfactory.com\/fr\/wp-content\/uploads\/2022\/06\/canape-indigo-fabrique-en-turquie.jpg","contentUrl":"https:\/\/restaurantchairfactory.com\/fr\/wp-content\/uploads\/2022\/06\/canape-indigo-fabrique-en-turquie.jpg","width":600,"height":500,"caption":"Canap\u00e9 Indigore Fabriqu\u00e9 en Turquie"},{"@type":"BreadcrumbList","@id":"https:\/\/restaurantchairfactory.com\/fr\/product\/canape-indigore-fabrique-en-turquie\/#breadcrumb","itemListElement":[{"@type":"ListItem","position":1,"name":"Home","item":"https:\/\/restaurantchairfactory.com\/fr\/"},{"@type":"ListItem","position":2,"name":"Sample Page","item":"https:\/\/restaurantchairfactory.com\/fr\/sample-page\/"},{"@type":"ListItem","position":3,"name":"Canap\u00e9 Indigore Fabriqu\u00e9 en Turquie"}]},{"@type":"WebSite","@id":"https:\/\/restaurantchairfactory.com\/fr\/#website","url":"https:\/\/restaurantchairfactory.com\/fr\/","name":"Restaurant Chair Factory","description":"","publisher":{"@id":"https:\/\/restaurantchairfactory.com\/fr\/#organization"},"potentialAction":[{"@type":"SearchAction","target":{"@type":"EntryPoint","urlTemplate":"https:\/\/restaurantchairfactory.com\/fr\/?s={search_term_string}"},"query-input":{"@type":"PropertyValueSpecification","valueRequired":true,"valueName":"search_term_string"}}],"inLanguage":"fr-FR"},{"@type":"Organization","@id":"https:\/\/restaurantchairfactory.com\/fr\/#organization","name":"Restaurant Funiture Factory","url":"https:\/\/restaurantchairfactory.com\/fr\/","logo":{"@type":"ImageObject","inLanguage":"fr-FR","@id":"https:\/\/restaurantchairfactory.com\/fr\/#\/schema\/logo\/image\/","url":"https:\/\/restaurantchairfactory.com\/fr\/wp-content\/uploads\/2022\/09\/restaurant-chair-factory-turkey-logo.jpeg","contentUrl":"https:\/\/restaurantchairfactory.com\/fr\/wp-content\/uploads\/2022\/09\/restaurant-chair-factory-turkey-logo.jpeg","width":1053,"height":860,"caption":"Restaurant Funiture Factory"},"image":{"@id":"https:\/\/restaurantchairfactory.com\/fr\/#\/schema\/logo\/image\/"}}]}},"_links":{"self":[{"href":"https:\/\/restaurantchairfactory.com\/fr\/wp-json\/wp\/v2\/product\/1504","targetHints":{"allow":["GET"]}}],"collection":[{"href":"https:\/\/restaurantchairfactory.com\/fr\/wp-json\/wp\/v2\/product"}],"about":[{"href":"https:\/\/restaurantchairfactory.com\/fr\/wp-json\/wp\/v2\/types\/product"}],"replies":[{"embeddable":true,"href":"https:\/\/restaurantchairfactory.com\/fr\/wp-json\/wp\/v2\/comments?post=1504"}],"version-history":[{"count":3,"href":"https:\/\/restaurantchairfactory.com\/fr\/wp-json\/wp\/v2\/product\/1504\/revisions"}],"predecessor-version":[{"id":5934,"href":"https:\/\/restaurantchairfactory.com\/fr\/wp-json\/wp\/v2\/product\/1504\/revisions\/5934"}],"wp:featuredmedia":[{"embeddable":true,"href":"https:\/\/restaurantchairfactory.com\/fr\/wp-json\/wp\/v2\/media\/1505"}],"wp:attachment":[{"href":"https:\/\/restaurantchairfactory.com\/fr\/wp-json\/wp\/v2\/media?parent=1504"}],"wp:term":[{"taxonomy":"product_brand","embeddable":true,"href":"https:\/\/restaurantchairfactory.com\/fr\/wp-json\/wp\/v2\/product_brand?post=1504"},{"taxonomy":"product_cat","embeddable":true,"href":"https:\/\/restaurantchairfactory.com\/fr\/wp-json\/wp\/v2\/product_cat?post=1504"},{"taxonomy":"product_tag","embeddable":true,"href":"https:\/\/restaurantchairfactory.com\/fr\/wp-json\/wp\/v2\/product_tag?post=1504"}],"curies":[{"name":"wp","href":"https:\/\/api.w.org\/{rel}","templated":true}]}}