{"id":1407,"date":"2022-06-16T21:49:47","date_gmt":"2022-06-16T21:49:47","guid":{"rendered":"https:\/\/restaurantchairfactory.com\/?post_type=product&#038;p=1407"},"modified":"2023-01-27T09:28:45","modified_gmt":"2023-01-27T09:28:45","slug":"fauteuil-en-aluminium-titusan-fabrique-en-turquie","status":"publish","type":"product","link":"https:\/\/restaurantchairfactory.com\/fr\/product\/fauteuil-en-aluminium-titusan-fabrique-en-turquie\/","title":{"rendered":"Fauteuil En Aluminium Titusan Fabriqu\u00e9 En Turquie"},"content":{"rendered":"","protected":false},"excerpt":{"rendered":"<ul>\n<li>Structure compl\u00e8te en aluminium<\/li>\n<li>Pieds en caoutchouc anti-rayures<\/li>\n<li>Peinture \u00e9lectrostatique longue dur\u00e9e de toutes les parties en aluminium<\/li>\n<li>Tissu r\u00e9sistant \u00e0 l&rsquo;ext\u00e9rieur<\/li>\n<li>Coussin de haute qualit\u00e9<\/li>\n<li>Large choix de tissus d&rsquo;ext\u00e9rieur<\/li>\n<li>La couleur des pieds peut \u00eatre choisie parmi tous les codes RAL<\/li>\n<\/ul>\n","protected":false},"featured_media":4157,"comment_status":"open","ping_status":"closed","template":"","meta":{"_acf_changed":false},"product_brand":[],"product_cat":[32,58],"product_tag":[],"class_list":{"0":"post-1407","1":"product","2":"type-product","3":"status-publish","4":"has-post-thumbnail","6":"product_cat-fauteuil","7":"product_cat-fauteuil-en-aluminium","9":"first","10":"instock","11":"shipping-taxable","12":"product-type-simple"},"acf":[],"yoast_head":"<!-- This site is optimized with the Yoast SEO plugin v25.3 - https:\/\/yoast.com\/wordpress\/plugins\/seo\/ -->\n<title>Fauteuil En Aluminium Titusan - RCF<\/title>\n<meta name=\"description\" content=\"Fauteuil en aluminium Titusan fabriqu\u00e9 en Turquie. Chaises de restaurant de haute qualit\u00e9 aux meilleurs prix.\" \/>\n<meta name=\"robots\" content=\"index, follow, max-snippet:-1, max-image-preview:large, max-video-preview:-1\" \/>\n<link rel=\"canonical\" href=\"https:\/\/restaurantchairfactory.com\/fr\/product\/fauteuil-en-aluminium-titusan-fabrique-en-turquie\/\" \/>\n<meta property=\"og:locale\" content=\"fr_FR\" \/>\n<meta property=\"og:type\" content=\"article\" \/>\n<meta property=\"og:title\" content=\"Fauteuil En Aluminium Titusan - RCF\" \/>\n<meta property=\"og:description\" content=\"Fauteuil en aluminium Titusan fabriqu\u00e9 en Turquie. Chaises de restaurant de haute qualit\u00e9 aux meilleurs prix.\" \/>\n<meta property=\"og:url\" content=\"https:\/\/restaurantchairfactory.com\/fr\/product\/fauteuil-en-aluminium-titusan-fabrique-en-turquie\/\" \/>\n<meta property=\"og:site_name\" content=\"Restaurant Chair Factory\" \/>\n<meta property=\"article:modified_time\" content=\"2023-01-27T09:28:45+00:00\" \/>\n<meta property=\"og:image\" content=\"https:\/\/restaurantchairfactory.com\/fr\/wp-content\/uploads\/2022\/06\/canape-d-exterieur-titusan-fabrique-en-turquie.jpg\" \/>\n\t<meta property=\"og:image:width\" content=\"1261\" \/>\n\t<meta property=\"og:image:height\" content=\"1051\" \/>\n\t<meta property=\"og:image:type\" content=\"image\/jpeg\" \/>\n<meta name=\"twitter:card\" content=\"summary_large_image\" \/>\n<script type=\"application\/ld+json\" class=\"yoast-schema-graph\">{\"@context\":\"https:\/\/schema.org\",\"@graph\":[{\"@type\":\"WebPage\",\"@id\":\"https:\/\/restaurantchairfactory.com\/fr\/product\/fauteuil-en-aluminium-titusan-fabrique-en-turquie\/\",\"url\":\"https:\/\/restaurantchairfactory.com\/fr\/product\/fauteuil-en-aluminium-titusan-fabrique-en-turquie\/\",\"name\":\"Fauteuil En Aluminium Titusan - RCF\",\"isPartOf\":{\"@id\":\"https:\/\/restaurantchairfactory.com\/fr\/#website\"},\"primaryImageOfPage\":{\"@id\":\"https:\/\/restaurantchairfactory.com\/fr\/product\/fauteuil-en-aluminium-titusan-fabrique-en-turquie\/#primaryimage\"},\"image\":{\"@id\":\"https:\/\/restaurantchairfactory.com\/fr\/product\/fauteuil-en-aluminium-titusan-fabrique-en-turquie\/#primaryimage\"},\"thumbnailUrl\":\"https:\/\/restaurantchairfactory.com\/fr\/wp-content\/uploads\/2022\/06\/canape-d-exterieur-titusan-fabrique-en-turquie.jpg\",\"datePublished\":\"2022-06-16T21:49:47+00:00\",\"dateModified\":\"2023-01-27T09:28:45+00:00\",\"description\":\"Fauteuil en aluminium Titusan fabriqu\u00e9 en Turquie. Chaises de restaurant de haute qualit\u00e9 aux meilleurs prix.\",\"breadcrumb\":{\"@id\":\"https:\/\/restaurantchairfactory.com\/fr\/product\/fauteuil-en-aluminium-titusan-fabrique-en-turquie\/#breadcrumb\"},\"inLanguage\":\"fr-FR\",\"potentialAction\":[{\"@type\":\"ReadAction\",\"target\":[\"https:\/\/restaurantchairfactory.com\/fr\/product\/fauteuil-en-aluminium-titusan-fabrique-en-turquie\/\"]}]},{\"@type\":\"ImageObject\",\"inLanguage\":\"fr-FR\",\"@id\":\"https:\/\/restaurantchairfactory.com\/fr\/product\/fauteuil-en-aluminium-titusan-fabrique-en-turquie\/#primaryimage\",\"url\":\"https:\/\/restaurantchairfactory.com\/fr\/wp-content\/uploads\/2022\/06\/canape-d-exterieur-titusan-fabrique-en-turquie.jpg\",\"contentUrl\":\"https:\/\/restaurantchairfactory.com\/fr\/wp-content\/uploads\/2022\/06\/canape-d-exterieur-titusan-fabrique-en-turquie.jpg\",\"width\":1261,\"height\":1051,\"caption\":\"Fauteuil En Aluminium Liviani\"},{\"@type\":\"BreadcrumbList\",\"@id\":\"https:\/\/restaurantchairfactory.com\/fr\/product\/fauteuil-en-aluminium-titusan-fabrique-en-turquie\/#breadcrumb\",\"itemListElement\":[{\"@type\":\"ListItem\",\"position\":1,\"name\":\"Home\",\"item\":\"https:\/\/restaurantchairfactory.com\/fr\/\"},{\"@type\":\"ListItem\",\"position\":2,\"name\":\"Sample Page\",\"item\":\"https:\/\/restaurantchairfactory.com\/fr\/sample-page\/\"},{\"@type\":\"ListItem\",\"position\":3,\"name\":\"Fauteuil En Aluminium Titusan Fabriqu\u00e9 En Turquie\"}]},{\"@type\":\"WebSite\",\"@id\":\"https:\/\/restaurantchairfactory.com\/fr\/#website\",\"url\":\"https:\/\/restaurantchairfactory.com\/fr\/\",\"name\":\"Restaurant Chair Factory\",\"description\":\"\",\"publisher\":{\"@id\":\"https:\/\/restaurantchairfactory.com\/fr\/#organization\"},\"potentialAction\":[{\"@type\":\"SearchAction\",\"target\":{\"@type\":\"EntryPoint\",\"urlTemplate\":\"https:\/\/restaurantchairfactory.com\/fr\/?s={search_term_string}\"},\"query-input\":{\"@type\":\"PropertyValueSpecification\",\"valueRequired\":true,\"valueName\":\"search_term_string\"}}],\"inLanguage\":\"fr-FR\"},{\"@type\":\"Organization\",\"@id\":\"https:\/\/restaurantchairfactory.com\/fr\/#organization\",\"name\":\"Restaurant Funiture Factory\",\"url\":\"https:\/\/restaurantchairfactory.com\/fr\/\",\"logo\":{\"@type\":\"ImageObject\",\"inLanguage\":\"fr-FR\",\"@id\":\"https:\/\/restaurantchairfactory.com\/fr\/#\/schema\/logo\/image\/\",\"url\":\"https:\/\/restaurantchairfactory.com\/fr\/wp-content\/uploads\/2022\/09\/restaurant-chair-factory-turkey-logo.jpeg\",\"contentUrl\":\"https:\/\/restaurantchairfactory.com\/fr\/wp-content\/uploads\/2022\/09\/restaurant-chair-factory-turkey-logo.jpeg\",\"width\":1053,\"height\":860,\"caption\":\"Restaurant Funiture Factory\"},\"image\":{\"@id\":\"https:\/\/restaurantchairfactory.com\/fr\/#\/schema\/logo\/image\/\"}}]}<\/script>\n<!-- \/ Yoast SEO plugin. -->","yoast_head_json":{"title":"Fauteuil En Aluminium Titusan - RCF","description":"Fauteuil en aluminium Titusan fabriqu\u00e9 en Turquie. Chaises de restaurant de haute qualit\u00e9 aux meilleurs prix.","robots":{"index":"index","follow":"follow","max-snippet":"max-snippet:-1","max-image-preview":"max-image-preview:large","max-video-preview":"max-video-preview:-1"},"canonical":"https:\/\/restaurantchairfactory.com\/fr\/product\/fauteuil-en-aluminium-titusan-fabrique-en-turquie\/","og_locale":"fr_FR","og_type":"article","og_title":"Fauteuil En Aluminium Titusan - RCF","og_description":"Fauteuil en aluminium Titusan fabriqu\u00e9 en Turquie. Chaises de restaurant de haute qualit\u00e9 aux meilleurs prix.","og_url":"https:\/\/restaurantchairfactory.com\/fr\/product\/fauteuil-en-aluminium-titusan-fabrique-en-turquie\/","og_site_name":"Restaurant Chair Factory","article_modified_time":"2023-01-27T09:28:45+00:00","og_image":[{"width":1261,"height":1051,"url":"https:\/\/restaurantchairfactory.com\/fr\/wp-content\/uploads\/2022\/06\/canape-d-exterieur-titusan-fabrique-en-turquie.jpg","type":"image\/jpeg"}],"twitter_card":"summary_large_image","schema":{"@context":"https:\/\/schema.org","@graph":[{"@type":"WebPage","@id":"https:\/\/restaurantchairfactory.com\/fr\/product\/fauteuil-en-aluminium-titusan-fabrique-en-turquie\/","url":"https:\/\/restaurantchairfactory.com\/fr\/product\/fauteuil-en-aluminium-titusan-fabrique-en-turquie\/","name":"Fauteuil En Aluminium Titusan - RCF","isPartOf":{"@id":"https:\/\/restaurantchairfactory.com\/fr\/#website"},"primaryImageOfPage":{"@id":"https:\/\/restaurantchairfactory.com\/fr\/product\/fauteuil-en-aluminium-titusan-fabrique-en-turquie\/#primaryimage"},"image":{"@id":"https:\/\/restaurantchairfactory.com\/fr\/product\/fauteuil-en-aluminium-titusan-fabrique-en-turquie\/#primaryimage"},"thumbnailUrl":"https:\/\/restaurantchairfactory.com\/fr\/wp-content\/uploads\/2022\/06\/canape-d-exterieur-titusan-fabrique-en-turquie.jpg","datePublished":"2022-06-16T21:49:47+00:00","dateModified":"2023-01-27T09:28:45+00:00","description":"Fauteuil en aluminium Titusan fabriqu\u00e9 en Turquie. Chaises de restaurant de haute qualit\u00e9 aux meilleurs prix.","breadcrumb":{"@id":"https:\/\/restaurantchairfactory.com\/fr\/product\/fauteuil-en-aluminium-titusan-fabrique-en-turquie\/#breadcrumb"},"inLanguage":"fr-FR","potentialAction":[{"@type":"ReadAction","target":["https:\/\/restaurantchairfactory.com\/fr\/product\/fauteuil-en-aluminium-titusan-fabrique-en-turquie\/"]}]},{"@type":"ImageObject","inLanguage":"fr-FR","@id":"https:\/\/restaurantchairfactory.com\/fr\/product\/fauteuil-en-aluminium-titusan-fabrique-en-turquie\/#primaryimage","url":"https:\/\/restaurantchairfactory.com\/fr\/wp-content\/uploads\/2022\/06\/canape-d-exterieur-titusan-fabrique-en-turquie.jpg","contentUrl":"https:\/\/restaurantchairfactory.com\/fr\/wp-content\/uploads\/2022\/06\/canape-d-exterieur-titusan-fabrique-en-turquie.jpg","width":1261,"height":1051,"caption":"Fauteuil En Aluminium Liviani"},{"@type":"BreadcrumbList","@id":"https:\/\/restaurantchairfactory.com\/fr\/product\/fauteuil-en-aluminium-titusan-fabrique-en-turquie\/#breadcrumb","itemListElement":[{"@type":"ListItem","position":1,"name":"Home","item":"https:\/\/restaurantchairfactory.com\/fr\/"},{"@type":"ListItem","position":2,"name":"Sample Page","item":"https:\/\/restaurantchairfactory.com\/fr\/sample-page\/"},{"@type":"ListItem","position":3,"name":"Fauteuil En Aluminium Titusan Fabriqu\u00e9 En Turquie"}]},{"@type":"WebSite","@id":"https:\/\/restaurantchairfactory.com\/fr\/#website","url":"https:\/\/restaurantchairfactory.com\/fr\/","name":"Restaurant Chair Factory","description":"","publisher":{"@id":"https:\/\/restaurantchairfactory.com\/fr\/#organization"},"potentialAction":[{"@type":"SearchAction","target":{"@type":"EntryPoint","urlTemplate":"https:\/\/restaurantchairfactory.com\/fr\/?s={search_term_string}"},"query-input":{"@type":"PropertyValueSpecification","valueRequired":true,"valueName":"search_term_string"}}],"inLanguage":"fr-FR"},{"@type":"Organization","@id":"https:\/\/restaurantchairfactory.com\/fr\/#organization","name":"Restaurant Funiture Factory","url":"https:\/\/restaurantchairfactory.com\/fr\/","logo":{"@type":"ImageObject","inLanguage":"fr-FR","@id":"https:\/\/restaurantchairfactory.com\/fr\/#\/schema\/logo\/image\/","url":"https:\/\/restaurantchairfactory.com\/fr\/wp-content\/uploads\/2022\/09\/restaurant-chair-factory-turkey-logo.jpeg","contentUrl":"https:\/\/restaurantchairfactory.com\/fr\/wp-content\/uploads\/2022\/09\/restaurant-chair-factory-turkey-logo.jpeg","width":1053,"height":860,"caption":"Restaurant Funiture Factory"},"image":{"@id":"https:\/\/restaurantchairfactory.com\/fr\/#\/schema\/logo\/image\/"}}]}},"_links":{"self":[{"href":"https:\/\/restaurantchairfactory.com\/fr\/wp-json\/wp\/v2\/product\/1407","targetHints":{"allow":["GET"]}}],"collection":[{"href":"https:\/\/restaurantchairfactory.com\/fr\/wp-json\/wp\/v2\/product"}],"about":[{"href":"https:\/\/restaurantchairfactory.com\/fr\/wp-json\/wp\/v2\/types\/product"}],"replies":[{"embeddable":true,"href":"https:\/\/restaurantchairfactory.com\/fr\/wp-json\/wp\/v2\/comments?post=1407"}],"version-history":[{"count":4,"href":"https:\/\/restaurantchairfactory.com\/fr\/wp-json\/wp\/v2\/product\/1407\/revisions"}],"predecessor-version":[{"id":5518,"href":"https:\/\/restaurantchairfactory.com\/fr\/wp-json\/wp\/v2\/product\/1407\/revisions\/5518"}],"wp:featuredmedia":[{"embeddable":true,"href":"https:\/\/restaurantchairfactory.com\/fr\/wp-json\/wp\/v2\/media\/4157"}],"wp:attachment":[{"href":"https:\/\/restaurantchairfactory.com\/fr\/wp-json\/wp\/v2\/media?parent=1407"}],"wp:term":[{"taxonomy":"product_brand","embeddable":true,"href":"https:\/\/restaurantchairfactory.com\/fr\/wp-json\/wp\/v2\/product_brand?post=1407"},{"taxonomy":"product_cat","embeddable":true,"href":"https:\/\/restaurantchairfactory.com\/fr\/wp-json\/wp\/v2\/product_cat?post=1407"},{"taxonomy":"product_tag","embeddable":true,"href":"https:\/\/restaurantchairfactory.com\/fr\/wp-json\/wp\/v2\/product_tag?post=1407"}],"curies":[{"name":"wp","href":"https:\/\/api.w.org\/{rel}","templated":true}]}}