{"id":1258,"date":"2022-06-15T09:05:42","date_gmt":"2022-06-15T09:05:42","guid":{"rendered":"https:\/\/restaurantchairfactory.com\/?post_type=product&#038;p=1258"},"modified":"2023-01-28T17:39:01","modified_gmt":"2023-01-28T17:39:01","slug":"table-en-aluminium-drake-fabrique-en-turquie","status":"publish","type":"product","link":"https:\/\/restaurantchairfactory.com\/fr\/product\/table-en-aluminium-drake-fabrique-en-turquie\/","title":{"rendered":"Table en aluminium Drake fabriqu\u00e9 en Turquie"},"content":{"rendered":"","protected":false},"excerpt":{"rendered":"<ul>\n<li>Structure compl\u00e8te en aluminium<\/li>\n<li>Pieds en caoutchouc anti-rayures<\/li>\n<li>Pi\u00e8ces en aluminium peintes par \u00e9lectrostatique de longue dur\u00e9e<\/li>\n<li>Plateau de table stratifi\u00e9 compact HPL ou bois de ch\u00e2taignier<\/li>\n<li>La couleur des pieds peut \u00eatre choisie parmi tous les codes RAL<\/li>\n<\/ul>\n","protected":false},"featured_media":1647,"comment_status":"open","ping_status":"closed","template":"","meta":{"_acf_changed":false},"product_brand":[],"product_cat":[29],"product_tag":[],"class_list":{"0":"post-1258","1":"product","2":"type-product","3":"status-publish","4":"has-post-thumbnail","6":"product_cat-table-de-restaurant-en-plein-air","8":"first","9":"instock","10":"shipping-taxable","11":"product-type-simple"},"acf":[],"yoast_head":"<!-- This site is optimized with the Yoast SEO plugin v25.3 - https:\/\/yoast.com\/wordpress\/plugins\/seo\/ -->\n<title>Table en aluminium Drake - RCF<\/title>\n<meta name=\"description\" content=\"Plateaux de table en aluminium pour vos projets. La table en aluminium Drake fabriqu\u00e9 en Turquie est un plateau de table l\u00e9ger destin\u00e9 \u00e0 l&#039;ext\u00e9rieur.\" \/>\n<meta name=\"robots\" content=\"index, follow, max-snippet:-1, max-image-preview:large, max-video-preview:-1\" \/>\n<link rel=\"canonical\" href=\"https:\/\/restaurantchairfactory.com\/fr\/product\/table-en-aluminium-drake-fabrique-en-turquie\/\" \/>\n<meta property=\"og:locale\" content=\"fr_FR\" \/>\n<meta property=\"og:type\" content=\"article\" \/>\n<meta property=\"og:title\" content=\"Table en aluminium Drake - RCF\" \/>\n<meta property=\"og:description\" content=\"Plateaux de table en aluminium pour vos projets. La table en aluminium Drake fabriqu\u00e9 en Turquie est un plateau de table l\u00e9ger destin\u00e9 \u00e0 l&#039;ext\u00e9rieur.\" \/>\n<meta property=\"og:url\" content=\"https:\/\/restaurantchairfactory.com\/fr\/product\/table-en-aluminium-drake-fabrique-en-turquie\/\" \/>\n<meta property=\"og:site_name\" content=\"Restaurant Chair Factory\" \/>\n<meta property=\"article:modified_time\" content=\"2023-01-28T17:39:01+00:00\" \/>\n<meta property=\"og:image\" content=\"https:\/\/restaurantchairfactory.com\/fr\/wp-content\/uploads\/2022\/06\/table-d-exterieur-drake-fabriquee-en-turquie.jpg\" \/>\n\t<meta property=\"og:image:width\" content=\"600\" \/>\n\t<meta property=\"og:image:height\" content=\"500\" \/>\n\t<meta property=\"og:image:type\" content=\"image\/jpeg\" \/>\n<meta name=\"twitter:card\" content=\"summary_large_image\" \/>\n<script type=\"application\/ld+json\" class=\"yoast-schema-graph\">{\"@context\":\"https:\/\/schema.org\",\"@graph\":[{\"@type\":\"WebPage\",\"@id\":\"https:\/\/restaurantchairfactory.com\/fr\/product\/table-en-aluminium-drake-fabrique-en-turquie\/\",\"url\":\"https:\/\/restaurantchairfactory.com\/fr\/product\/table-en-aluminium-drake-fabrique-en-turquie\/\",\"name\":\"Table en aluminium Drake - RCF\",\"isPartOf\":{\"@id\":\"https:\/\/restaurantchairfactory.com\/fr\/#website\"},\"primaryImageOfPage\":{\"@id\":\"https:\/\/restaurantchairfactory.com\/fr\/product\/table-en-aluminium-drake-fabrique-en-turquie\/#primaryimage\"},\"image\":{\"@id\":\"https:\/\/restaurantchairfactory.com\/fr\/product\/table-en-aluminium-drake-fabrique-en-turquie\/#primaryimage\"},\"thumbnailUrl\":\"https:\/\/restaurantchairfactory.com\/fr\/wp-content\/uploads\/2022\/06\/table-d-exterieur-drake-fabriquee-en-turquie.jpg\",\"datePublished\":\"2022-06-15T09:05:42+00:00\",\"dateModified\":\"2023-01-28T17:39:01+00:00\",\"description\":\"Plateaux de table en aluminium pour vos projets. La table en aluminium Drake fabriqu\u00e9 en Turquie est un plateau de table l\u00e9ger destin\u00e9 \u00e0 l'ext\u00e9rieur.\",\"breadcrumb\":{\"@id\":\"https:\/\/restaurantchairfactory.com\/fr\/product\/table-en-aluminium-drake-fabrique-en-turquie\/#breadcrumb\"},\"inLanguage\":\"fr-FR\",\"potentialAction\":[{\"@type\":\"ReadAction\",\"target\":[\"https:\/\/restaurantchairfactory.com\/fr\/product\/table-en-aluminium-drake-fabrique-en-turquie\/\"]}]},{\"@type\":\"ImageObject\",\"inLanguage\":\"fr-FR\",\"@id\":\"https:\/\/restaurantchairfactory.com\/fr\/product\/table-en-aluminium-drake-fabrique-en-turquie\/#primaryimage\",\"url\":\"https:\/\/restaurantchairfactory.com\/fr\/wp-content\/uploads\/2022\/06\/table-d-exterieur-drake-fabriquee-en-turquie.jpg\",\"contentUrl\":\"https:\/\/restaurantchairfactory.com\/fr\/wp-content\/uploads\/2022\/06\/table-d-exterieur-drake-fabriquee-en-turquie.jpg\",\"width\":600,\"height\":500,\"caption\":\"Table en aluminium Drake\"},{\"@type\":\"BreadcrumbList\",\"@id\":\"https:\/\/restaurantchairfactory.com\/fr\/product\/table-en-aluminium-drake-fabrique-en-turquie\/#breadcrumb\",\"itemListElement\":[{\"@type\":\"ListItem\",\"position\":1,\"name\":\"Home\",\"item\":\"https:\/\/restaurantchairfactory.com\/fr\/\"},{\"@type\":\"ListItem\",\"position\":2,\"name\":\"Sample Page\",\"item\":\"https:\/\/restaurantchairfactory.com\/fr\/sample-page\/\"},{\"@type\":\"ListItem\",\"position\":3,\"name\":\"Table en aluminium Drake fabriqu\u00e9 en Turquie\"}]},{\"@type\":\"WebSite\",\"@id\":\"https:\/\/restaurantchairfactory.com\/fr\/#website\",\"url\":\"https:\/\/restaurantchairfactory.com\/fr\/\",\"name\":\"Restaurant Chair Factory\",\"description\":\"\",\"publisher\":{\"@id\":\"https:\/\/restaurantchairfactory.com\/fr\/#organization\"},\"potentialAction\":[{\"@type\":\"SearchAction\",\"target\":{\"@type\":\"EntryPoint\",\"urlTemplate\":\"https:\/\/restaurantchairfactory.com\/fr\/?s={search_term_string}\"},\"query-input\":{\"@type\":\"PropertyValueSpecification\",\"valueRequired\":true,\"valueName\":\"search_term_string\"}}],\"inLanguage\":\"fr-FR\"},{\"@type\":\"Organization\",\"@id\":\"https:\/\/restaurantchairfactory.com\/fr\/#organization\",\"name\":\"Restaurant Funiture Factory\",\"url\":\"https:\/\/restaurantchairfactory.com\/fr\/\",\"logo\":{\"@type\":\"ImageObject\",\"inLanguage\":\"fr-FR\",\"@id\":\"https:\/\/restaurantchairfactory.com\/fr\/#\/schema\/logo\/image\/\",\"url\":\"https:\/\/restaurantchairfactory.com\/fr\/wp-content\/uploads\/2022\/09\/restaurant-chair-factory-turkey-logo.jpeg\",\"contentUrl\":\"https:\/\/restaurantchairfactory.com\/fr\/wp-content\/uploads\/2022\/09\/restaurant-chair-factory-turkey-logo.jpeg\",\"width\":1053,\"height\":860,\"caption\":\"Restaurant Funiture Factory\"},\"image\":{\"@id\":\"https:\/\/restaurantchairfactory.com\/fr\/#\/schema\/logo\/image\/\"}}]}<\/script>\n<!-- \/ Yoast SEO plugin. -->","yoast_head_json":{"title":"Table en aluminium Drake - RCF","description":"Plateaux de table en aluminium pour vos projets. La table en aluminium Drake fabriqu\u00e9 en Turquie est un plateau de table l\u00e9ger destin\u00e9 \u00e0 l'ext\u00e9rieur.","robots":{"index":"index","follow":"follow","max-snippet":"max-snippet:-1","max-image-preview":"max-image-preview:large","max-video-preview":"max-video-preview:-1"},"canonical":"https:\/\/restaurantchairfactory.com\/fr\/product\/table-en-aluminium-drake-fabrique-en-turquie\/","og_locale":"fr_FR","og_type":"article","og_title":"Table en aluminium Drake - RCF","og_description":"Plateaux de table en aluminium pour vos projets. La table en aluminium Drake fabriqu\u00e9 en Turquie est un plateau de table l\u00e9ger destin\u00e9 \u00e0 l'ext\u00e9rieur.","og_url":"https:\/\/restaurantchairfactory.com\/fr\/product\/table-en-aluminium-drake-fabrique-en-turquie\/","og_site_name":"Restaurant Chair Factory","article_modified_time":"2023-01-28T17:39:01+00:00","og_image":[{"width":600,"height":500,"url":"https:\/\/restaurantchairfactory.com\/fr\/wp-content\/uploads\/2022\/06\/table-d-exterieur-drake-fabriquee-en-turquie.jpg","type":"image\/jpeg"}],"twitter_card":"summary_large_image","schema":{"@context":"https:\/\/schema.org","@graph":[{"@type":"WebPage","@id":"https:\/\/restaurantchairfactory.com\/fr\/product\/table-en-aluminium-drake-fabrique-en-turquie\/","url":"https:\/\/restaurantchairfactory.com\/fr\/product\/table-en-aluminium-drake-fabrique-en-turquie\/","name":"Table en aluminium Drake - RCF","isPartOf":{"@id":"https:\/\/restaurantchairfactory.com\/fr\/#website"},"primaryImageOfPage":{"@id":"https:\/\/restaurantchairfactory.com\/fr\/product\/table-en-aluminium-drake-fabrique-en-turquie\/#primaryimage"},"image":{"@id":"https:\/\/restaurantchairfactory.com\/fr\/product\/table-en-aluminium-drake-fabrique-en-turquie\/#primaryimage"},"thumbnailUrl":"https:\/\/restaurantchairfactory.com\/fr\/wp-content\/uploads\/2022\/06\/table-d-exterieur-drake-fabriquee-en-turquie.jpg","datePublished":"2022-06-15T09:05:42+00:00","dateModified":"2023-01-28T17:39:01+00:00","description":"Plateaux de table en aluminium pour vos projets. La table en aluminium Drake fabriqu\u00e9 en Turquie est un plateau de table l\u00e9ger destin\u00e9 \u00e0 l'ext\u00e9rieur.","breadcrumb":{"@id":"https:\/\/restaurantchairfactory.com\/fr\/product\/table-en-aluminium-drake-fabrique-en-turquie\/#breadcrumb"},"inLanguage":"fr-FR","potentialAction":[{"@type":"ReadAction","target":["https:\/\/restaurantchairfactory.com\/fr\/product\/table-en-aluminium-drake-fabrique-en-turquie\/"]}]},{"@type":"ImageObject","inLanguage":"fr-FR","@id":"https:\/\/restaurantchairfactory.com\/fr\/product\/table-en-aluminium-drake-fabrique-en-turquie\/#primaryimage","url":"https:\/\/restaurantchairfactory.com\/fr\/wp-content\/uploads\/2022\/06\/table-d-exterieur-drake-fabriquee-en-turquie.jpg","contentUrl":"https:\/\/restaurantchairfactory.com\/fr\/wp-content\/uploads\/2022\/06\/table-d-exterieur-drake-fabriquee-en-turquie.jpg","width":600,"height":500,"caption":"Table en aluminium Drake"},{"@type":"BreadcrumbList","@id":"https:\/\/restaurantchairfactory.com\/fr\/product\/table-en-aluminium-drake-fabrique-en-turquie\/#breadcrumb","itemListElement":[{"@type":"ListItem","position":1,"name":"Home","item":"https:\/\/restaurantchairfactory.com\/fr\/"},{"@type":"ListItem","position":2,"name":"Sample Page","item":"https:\/\/restaurantchairfactory.com\/fr\/sample-page\/"},{"@type":"ListItem","position":3,"name":"Table en aluminium Drake fabriqu\u00e9 en Turquie"}]},{"@type":"WebSite","@id":"https:\/\/restaurantchairfactory.com\/fr\/#website","url":"https:\/\/restaurantchairfactory.com\/fr\/","name":"Restaurant Chair Factory","description":"","publisher":{"@id":"https:\/\/restaurantchairfactory.com\/fr\/#organization"},"potentialAction":[{"@type":"SearchAction","target":{"@type":"EntryPoint","urlTemplate":"https:\/\/restaurantchairfactory.com\/fr\/?s={search_term_string}"},"query-input":{"@type":"PropertyValueSpecification","valueRequired":true,"valueName":"search_term_string"}}],"inLanguage":"fr-FR"},{"@type":"Organization","@id":"https:\/\/restaurantchairfactory.com\/fr\/#organization","name":"Restaurant Funiture Factory","url":"https:\/\/restaurantchairfactory.com\/fr\/","logo":{"@type":"ImageObject","inLanguage":"fr-FR","@id":"https:\/\/restaurantchairfactory.com\/fr\/#\/schema\/logo\/image\/","url":"https:\/\/restaurantchairfactory.com\/fr\/wp-content\/uploads\/2022\/09\/restaurant-chair-factory-turkey-logo.jpeg","contentUrl":"https:\/\/restaurantchairfactory.com\/fr\/wp-content\/uploads\/2022\/09\/restaurant-chair-factory-turkey-logo.jpeg","width":1053,"height":860,"caption":"Restaurant Funiture Factory"},"image":{"@id":"https:\/\/restaurantchairfactory.com\/fr\/#\/schema\/logo\/image\/"}}]}},"_links":{"self":[{"href":"https:\/\/restaurantchairfactory.com\/fr\/wp-json\/wp\/v2\/product\/1258","targetHints":{"allow":["GET"]}}],"collection":[{"href":"https:\/\/restaurantchairfactory.com\/fr\/wp-json\/wp\/v2\/product"}],"about":[{"href":"https:\/\/restaurantchairfactory.com\/fr\/wp-json\/wp\/v2\/types\/product"}],"replies":[{"embeddable":true,"href":"https:\/\/restaurantchairfactory.com\/fr\/wp-json\/wp\/v2\/comments?post=1258"}],"version-history":[{"count":3,"href":"https:\/\/restaurantchairfactory.com\/fr\/wp-json\/wp\/v2\/product\/1258\/revisions"}],"predecessor-version":[{"id":5862,"href":"https:\/\/restaurantchairfactory.com\/fr\/wp-json\/wp\/v2\/product\/1258\/revisions\/5862"}],"wp:featuredmedia":[{"embeddable":true,"href":"https:\/\/restaurantchairfactory.com\/fr\/wp-json\/wp\/v2\/media\/1647"}],"wp:attachment":[{"href":"https:\/\/restaurantchairfactory.com\/fr\/wp-json\/wp\/v2\/media?parent=1258"}],"wp:term":[{"taxonomy":"product_brand","embeddable":true,"href":"https:\/\/restaurantchairfactory.com\/fr\/wp-json\/wp\/v2\/product_brand?post=1258"},{"taxonomy":"product_cat","embeddable":true,"href":"https:\/\/restaurantchairfactory.com\/fr\/wp-json\/wp\/v2\/product_cat?post=1258"},{"taxonomy":"product_tag","embeddable":true,"href":"https:\/\/restaurantchairfactory.com\/fr\/wp-json\/wp\/v2\/product_tag?post=1258"}],"curies":[{"name":"wp","href":"https:\/\/api.w.org\/{rel}","templated":true}]}}